{"id":1577,"date":"2018-11-18T11:50:25","date_gmt":"2018-11-18T10:50:25","guid":{"rendered":"https:\/\/www.vicolor.cat\/?page_id=1577"},"modified":"2019-11-02T10:05:04","modified_gmt":"2019-11-02T09:05:04","slug":"el-taller","status":"publish","type":"page","link":"https:\/\/www.vicolor.cat\/es\/el-taller\/","title":{"rendered":"El taller"},"content":{"rendered":"<p>El taller se extiende en una superficie de 900 m2, en tres naves independientes y repartidos de la siguiente forma: Hay 300 m2&nbsp;destinados a la chapa, 300 m2&nbsp;a la pintura y 300 m2&nbsp;mas a la mec\u00e1nica.<\/p>\n<p>Tenemos contratados a 6 trabajadores, entre los cuales hay 2 pintores, 2 chapistas y 2 mec\u00e1nicos que se turnan dentro de un horario de 9:00h a 13:00h y de 15:00h a 20.00h.<\/p>\n<p>Tenemos contratados con DuPont los servicios de Reparaci\u00f3n Express, reparaci\u00f3n r\u00e1pida de golpes y rayadas peque\u00f1as (que se complementa con una amplia gama de productos), el de Garant\u00eda de por vida, que garantiza la reparaci\u00f3n del veh\u00edculo durante 10 a\u00f1os, y el de baja emisi\u00f3n, que certifica que somos respetuosos con el medio ambiente.<\/p>\n<p>Otro de los aspectos que cuidamos especialmente es la formaci\u00f3n de nuestros trabajadores, que participan continuamente en cursos de reciclaje y de perfeccionamiento como por ejemplo: Riesgos laborales, Reparaci\u00f3n Express, peque\u00f1os golpes reparados en 1 hora, reparaci\u00f3n de pl\u00e1sticos, sustituci\u00f3n de lunas, carrocer\u00eda y soldadura, colorimetr\u00eda, productos L\/E baja emisi\u00f3n, nuevas tecnolog\u00edas, utilizaci\u00f3n y de grado del grano de lija, parcheado pulido y abrillantado, veh\u00edculos industriales, inyecci\u00f3n common rail, inyeccion directa gasolina, ABS\/ESP, aire acondicionado y climatizadores, iluminaci\u00f3n Xenon y LED, gesti\u00f3n de taller, etc., todos con su respectivo diploma.<\/p>\n<p>Por lo que se refiere al material y a la maquinaria, disponemos de los \u00faltimos modelos en m\u00e1quinas para chapa, pintura y mec\u00e1nica; Bancada VULVO con funci\u00f3n de elevador, bancada universal y bancada con medidor electr\u00f3nico.<\/p>\n<p>Bancada de tiro r\u00e1pido. Elevadores fijos (De tijera, tijera doble, 4 columnas, 2 columnas i m\u00f3vil), Soldadura de continua, por puntos, lat\u00f3n, tic, hal\u00f3gena, aluminio y pl\u00e1stico. Cabina de pintura Hildebrand con 8,20 metros de longitud y secado de gas, 3 zonas de preparaci\u00f3n con planos aspirantes Hildebrand, brazos de aspiraci\u00f3n con orb\u00edtales Festool, infrarrojo I.R.T.<\/p>\n<p>Aparato de diagnosis Texa (multimarca), osciloscopio, desmontadora y equilibradora de neum\u00e1ticos, m\u00faltiples herramientas especificas para realizar reparaci\u00f3n y mantenimiento de sistemas de frenos, suspensi\u00f3n, motor\/distribuci\u00f3n, electricidad\/electr\u00f3nica, aire acondicionado, documentaci\u00f3n t\u00e9cnica, etc.<\/p>\n<p>Toda esta maquinaria combinada con los materiales m\u00e1s innovadores, nos permite acelerar el tiempo de reparaci\u00f3n y mejorar la calidad y la precisi\u00f3n del servicio.<\/p>\n<p>Resaltar tambi\u00e9n que utilizamos el sistema de valoraci\u00f3n de da\u00f1os: gt-estimate y cesvimap, que agiliza el proceso de reparaci\u00f3n, con disponibilidad de usar el sistema de valoraci\u00f3n de da\u00f1os de su empresa.<\/p>\n<p>Todo esto nos capacita para reparar unos 50 &#8211; 60 veh\u00edculos al mes, dependiendo del nivel de siniestralidad, y a fijar el precio por hora de trabajo en 34 euros.<\/p>\n\n\n<p><img loading=\"lazy\" class=\"wp-image-1662 aligncenter\" src=\"https:\/\/www.vicolor.cat\/es\/wp-content\/uploads\/sites\/2\/2019\/11\/foto4-300x228.jpg\" alt=\"Vicolor Taller\" width=\"500\" height=\"380\" \/><\/p>\n","protected":false},"excerpt":{"rendered":"<p>El taller se extiende en una superficie de 900 m2, en tres naves independientes y repartidos de la siguiente forma: Hay 300 m2&nbsp;destinados a la chapa, 300 m2&nbsp;a la pintura y 300 m2&nbsp;mas a la mec\u00e1nica. Tenemos contratados a 6 trabajadores, entre los cuales hay 2 pintores, 2 chapistas y 2 mec\u00e1nicos que se turnan [&hellip;]<\/p>\n","protected":false},"author":1,"featured_media":0,"parent":0,"menu_order":0,"comment_status":"closed","ping_status":"closed","template":"","meta":{"_genesis_hide_title":false,"_genesis_hide_breadcrumbs":false,"_genesis_hide_singular_image":false,"_genesis_hide_footer_widgets":false,"_genesis_custom_body_class":"","_genesis_custom_post_class":"","_genesis_layout":""},"yoast_head":"<!-- This site is optimized with the Yoast SEO Premium plugin v14.7 - https:\/\/yoast.com\/wordpress\/plugins\/seo\/ -->\n<title>El taller - Vicolor<\/title>\n<meta name=\"description\" content=\"El taller se extiende en una superficie de 900 m2, en tres naves independientes y repartidos de la siguiente forma: Hay 300 m2\u00a0destinados a la chapa, 300 m2\u00a0a la pintura y 300 m2\u00a0mas a la mec\u00e1nica.\" \/>\n<meta name=\"robots\" content=\"index, follow\" \/>\n<meta name=\"googlebot\" content=\"index, follow, max-snippet:-1, max-image-preview:large, max-video-preview:-1\" \/>\n<meta name=\"bingbot\" content=\"index, follow, max-snippet:-1, max-image-preview:large, max-video-preview:-1\" \/>\n<link rel=\"canonical\" href=\"https:\/\/www.vicolor.cat\/es\/el-taller\/\" \/>\n<meta property=\"og:locale\" content=\"es_ES\" \/>\n<meta property=\"og:type\" content=\"article\" \/>\n<meta property=\"og:title\" content=\"El taller - Vicolor\" \/>\n<meta property=\"og:description\" content=\"El taller se extiende en una superficie de 900 m2, en tres naves independientes y repartidos de la siguiente forma: Hay 300 m2\u00a0destinados a la chapa, 300 m2\u00a0a la pintura y 300 m2\u00a0mas a la mec\u00e1nica.\" \/>\n<meta property=\"og:url\" content=\"https:\/\/www.vicolor.cat\/es\/el-taller\/\" \/>\n<meta property=\"og:site_name\" content=\"Vicolor\" \/>\n<meta property=\"article:publisher\" content=\"https:\/\/www.facebook.com\/vicolor.cat\/\" \/>\n<meta property=\"article:modified_time\" content=\"2019-11-02T09:05:04+00:00\" \/>\n<meta property=\"og:image\" content=\"https:\/\/www.vicolor.cat\/es\/wp-content\/uploads\/sites\/2\/2019\/11\/foto4-300x228.jpg\" \/>\n<meta name=\"twitter:card\" content=\"summary_large_image\" \/>\n<script type=\"application\/ld+json\" class=\"yoast-schema-graph\">{\"@context\":\"https:\/\/schema.org\",\"@graph\":[{\"@type\":\"Organization\",\"@id\":\"https:\/\/www.vicolor.cat\/es\/#organization\",\"name\":\"Vicolor\",\"url\":\"https:\/\/www.vicolor.cat\/es\/\",\"sameAs\":[\"https:\/\/www.facebook.com\/vicolor.cat\/\"],\"logo\":{\"@type\":\"ImageObject\",\"@id\":\"https:\/\/www.vicolor.cat\/es\/#logo\",\"inLanguage\":\"es\",\"url\":\"https:\/\/www.vicolor.cat\/es\/wp-content\/uploads\/sites\/2\/2018\/10\/cropped-Vicolor-1.png\",\"width\":797,\"height\":250,\"caption\":\"Vicolor\"},\"image\":{\"@id\":\"https:\/\/www.vicolor.cat\/es\/#logo\"}},{\"@type\":\"WebSite\",\"@id\":\"https:\/\/www.vicolor.cat\/es\/#website\",\"url\":\"https:\/\/www.vicolor.cat\/es\/\",\"name\":\"Vicolor\",\"description\":\"Chapa y Pintura en Vic\",\"publisher\":{\"@id\":\"https:\/\/www.vicolor.cat\/es\/#organization\"},\"potentialAction\":[{\"@type\":\"SearchAction\",\"target\":\"https:\/\/www.vicolor.cat\/es\/?s={search_term_string}\",\"query-input\":\"required name=search_term_string\"}],\"inLanguage\":\"es\"},{\"@type\":\"ImageObject\",\"@id\":\"https:\/\/www.vicolor.cat\/es\/el-taller\/#primaryimage\",\"inLanguage\":\"es\",\"url\":\"https:\/\/www.vicolor.cat\/es\/wp-content\/uploads\/sites\/2\/2019\/11\/foto4.jpg\",\"width\":300,\"height\":228,\"caption\":\"Vicolor Taller\"},{\"@type\":\"WebPage\",\"@id\":\"https:\/\/www.vicolor.cat\/es\/el-taller\/#webpage\",\"url\":\"https:\/\/www.vicolor.cat\/es\/el-taller\/\",\"name\":\"El taller - Vicolor\",\"isPartOf\":{\"@id\":\"https:\/\/www.vicolor.cat\/es\/#website\"},\"primaryImageOfPage\":{\"@id\":\"https:\/\/www.vicolor.cat\/es\/el-taller\/#primaryimage\"},\"datePublished\":\"2018-11-18T10:50:25+00:00\",\"dateModified\":\"2019-11-02T09:05:04+00:00\",\"description\":\"El taller se extiende en una superficie de 900 m2, en tres naves independientes y repartidos de la siguiente forma: Hay 300 m2\\u00a0destinados a la chapa, 300 m2\\u00a0a la pintura y 300 m2\\u00a0mas a la mec\\u00e1nica.\",\"inLanguage\":\"es\",\"potentialAction\":[{\"@type\":\"ReadAction\",\"target\":[\"https:\/\/www.vicolor.cat\/es\/el-taller\/\"]}]}]}<\/script>\n<!-- \/ Yoast SEO Premium plugin. -->","_links":{"self":[{"href":"https:\/\/www.vicolor.cat\/es\/wp-json\/wp\/v2\/pages\/1577"}],"collection":[{"href":"https:\/\/www.vicolor.cat\/es\/wp-json\/wp\/v2\/pages"}],"about":[{"href":"https:\/\/www.vicolor.cat\/es\/wp-json\/wp\/v2\/types\/page"}],"author":[{"embeddable":true,"href":"https:\/\/www.vicolor.cat\/es\/wp-json\/wp\/v2\/users\/1"}],"replies":[{"embeddable":true,"href":"https:\/\/www.vicolor.cat\/es\/wp-json\/wp\/v2\/comments?post=1577"}],"version-history":[{"count":0,"href":"https:\/\/www.vicolor.cat\/es\/wp-json\/wp\/v2\/pages\/1577\/revisions"}],"wp:attachment":[{"href":"https:\/\/www.vicolor.cat\/es\/wp-json\/wp\/v2\/media?parent=1577"}],"curies":[{"name":"wp","href":"https:\/\/api.w.org\/{rel}","templated":true}]}}